{"id":7,"date":"2024-07-17T14:23:38","date_gmt":"2024-07-17T12:23:38","guid":{"rendered":"https:\/\/www.renekontur.com\/?page_id=7"},"modified":"2024-07-17T20:14:51","modified_gmt":"2024-07-17T18:14:51","slug":"cameraman-and-photographer","status":"publish","type":"page","link":"https:\/\/www.renekontur.com\/","title":{"rendered":"Cameraman &amp; photographer"},"content":{"rendered":"\n<p>\u201cThe aim of our fine arts is not imitation, but creation.\u201d \u2014 Ralph Waldo Emerson American philosopher, essayist and poet 1803-1882<\/p>\n\n\n\n<hr class=\"wp-block-separator has-alpha-channel-opacity\"\/>\n\n\n\n<p>&#8222;It&#8217;s not what you look at, it&#8217;s what you see.&#8220; Unknown author<\/p>\n","protected":false},"excerpt":{"rendered":"<p>\u201cThe aim of our fine arts is not imitation, but creation.\u201d \u2014 Ralph Waldo Emerson American philosopher, essayist and poet 1803-1882 &#8222;It&#8217;s not what you look at, it&#8217;s what you see.&#8220; Unknown author<\/p>\n","protected":false},"author":1,"featured_media":19,"parent":0,"menu_order":0,"comment_status":"closed","ping_status":"closed","template":"","meta":{"footnotes":""},"class_list":["post-7","page","type-page","status-publish","has-post-thumbnail","hentry","entry"],"yoast_head":"<!-- This site is optimized with the Yoast SEO plugin v23.1 - https:\/\/yoast.com\/wordpress\/plugins\/seo\/ -->\n<title>Cameraman &amp; photographer - Mgr. Art. Ren\u00e9 Kont\u00far<\/title>\n<meta name=\"description\" content=\"Since and during my studies at V\u0160MU, I have been engaged in photography and cinematography.\" \/>\n<meta name=\"robots\" content=\"index, follow, max-snippet:-1, max-image-preview:large, max-video-preview:-1\" \/>\n<link rel=\"canonical\" href=\"https:\/\/www.renekontur.com\/\" \/>\n<meta property=\"og:locale\" content=\"sk_SK\" \/>\n<meta property=\"og:type\" content=\"article\" \/>\n<meta property=\"og:title\" content=\"Cameraman &amp; photographer - Mgr. Art. Ren\u00e9 Kont\u00far\" \/>\n<meta property=\"og:description\" content=\"Since and during my studies at V\u0160MU, I have been engaged in photography and cinematography.\" \/>\n<meta property=\"og:url\" content=\"https:\/\/www.renekontur.com\/\" \/>\n<meta property=\"og:site_name\" content=\"Mgr. Art. Ren\u00e9 Kont\u00far\" \/>\n<meta property=\"article:modified_time\" content=\"2024-07-17T18:14:51+00:00\" \/>\n<meta property=\"og:image\" content=\"https:\/\/www.renekontur.com\/wp-content\/uploads\/2024\/07\/rene-profile-pics.png\" \/>\n\t<meta property=\"og:image:width\" content=\"811\" \/>\n\t<meta property=\"og:image:height\" content=\"812\" \/>\n\t<meta property=\"og:image:type\" content=\"image\/png\" \/>\n<meta name=\"twitter:card\" content=\"summary_large_image\" \/>\n<meta name=\"twitter:label1\" content=\"Predpokladan\u00fd \u010das \u010d\u00edtania\" \/>\n\t<meta name=\"twitter:data1\" content=\"1 min\u00fata\" \/>\n<script type=\"application\/ld+json\" class=\"yoast-schema-graph\">{\"@context\":\"https:\/\/schema.org\",\"@graph\":[{\"@type\":\"WebPage\",\"@id\":\"https:\/\/www.renekontur.com\/\",\"url\":\"https:\/\/www.renekontur.com\/\",\"name\":\"Cameraman &amp; photographer - Mgr. Art. Ren\u00e9 Kont\u00far\",\"isPartOf\":{\"@id\":\"https:\/\/www.renekontur.com\/#website\"},\"primaryImageOfPage\":{\"@id\":\"https:\/\/www.renekontur.com\/#primaryimage\"},\"image\":{\"@id\":\"https:\/\/www.renekontur.com\/#primaryimage\"},\"thumbnailUrl\":\"https:\/\/www.renekontur.com\/wp-content\/uploads\/2024\/07\/rene-profile-pics.png\",\"datePublished\":\"2024-07-17T12:23:38+00:00\",\"dateModified\":\"2024-07-17T18:14:51+00:00\",\"description\":\"Since and during my studies at V\u0160MU, I have been engaged in photography and cinematography.\",\"breadcrumb\":{\"@id\":\"https:\/\/www.renekontur.com\/#breadcrumb\"},\"inLanguage\":\"sk-SK\",\"potentialAction\":[{\"@type\":\"ReadAction\",\"target\":[\"https:\/\/www.renekontur.com\/\"]}]},{\"@type\":\"ImageObject\",\"inLanguage\":\"sk-SK\",\"@id\":\"https:\/\/www.renekontur.com\/#primaryimage\",\"url\":\"https:\/\/www.renekontur.com\/wp-content\/uploads\/2024\/07\/rene-profile-pics.png\",\"contentUrl\":\"https:\/\/www.renekontur.com\/wp-content\/uploads\/2024\/07\/rene-profile-pics.png\",\"width\":811,\"height\":812},{\"@type\":\"BreadcrumbList\",\"@id\":\"https:\/\/www.renekontur.com\/#breadcrumb\",\"itemListElement\":[{\"@type\":\"ListItem\",\"position\":1,\"name\":\"Domovsk\u00e1 str\u00e1nka\",\"item\":\"https:\/\/www.renekontur.com\/\"},{\"@type\":\"ListItem\",\"position\":2,\"name\":\"Cameraman &amp; photographer\"}]},{\"@type\":\"WebSite\",\"@id\":\"https:\/\/www.renekontur.com\/#website\",\"url\":\"https:\/\/www.renekontur.com\/\",\"name\":\"Mgr. Art. Ren\u00e9 Kont\u00far\",\"description\":\"\",\"publisher\":{\"@id\":\"https:\/\/www.renekontur.com\/#\/schema\/person\/7c28864972f73f6b370ecb5ecb6e237f\"},\"alternateName\":\"Ren\u00e9 Kont\u00far - photographer and cameraman\",\"potentialAction\":[{\"@type\":\"SearchAction\",\"target\":{\"@type\":\"EntryPoint\",\"urlTemplate\":\"https:\/\/www.renekontur.com\/?s={search_term_string}\"},\"query-input\":\"required name=search_term_string\"}],\"inLanguage\":\"sk-SK\"},{\"@type\":[\"Person\",\"Organization\"],\"@id\":\"https:\/\/www.renekontur.com\/#\/schema\/person\/7c28864972f73f6b370ecb5ecb6e237f\",\"name\":\"renekontur1998\",\"image\":{\"@type\":\"ImageObject\",\"inLanguage\":\"sk-SK\",\"@id\":\"https:\/\/www.renekontur.com\/#\/schema\/person\/image\/\",\"url\":\"https:\/\/www.renekontur.com\/wp-content\/uploads\/2024\/07\/cropped-podpis-e1721209206649-1.png\",\"contentUrl\":\"https:\/\/www.renekontur.com\/wp-content\/uploads\/2024\/07\/cropped-podpis-e1721209206649-1.png\",\"width\":733,\"height\":245,\"caption\":\"renekontur1998\"},\"logo\":{\"@id\":\"https:\/\/www.renekontur.com\/#\/schema\/person\/image\/\"},\"sameAs\":[\"https:\/\/www.renekontur.com\"]}]}<\/script>\n<!-- \/ Yoast SEO plugin. -->","yoast_head_json":{"title":"Cameraman &amp; photographer - Mgr. Art. Ren\u00e9 Kont\u00far","description":"Since and during my studies at V\u0160MU, I have been engaged in photography and cinematography.","robots":{"index":"index","follow":"follow","max-snippet":"max-snippet:-1","max-image-preview":"max-image-preview:large","max-video-preview":"max-video-preview:-1"},"canonical":"https:\/\/www.renekontur.com\/","og_locale":"sk_SK","og_type":"article","og_title":"Cameraman &amp; photographer - Mgr. Art. Ren\u00e9 Kont\u00far","og_description":"Since and during my studies at V\u0160MU, I have been engaged in photography and cinematography.","og_url":"https:\/\/www.renekontur.com\/","og_site_name":"Mgr. Art. Ren\u00e9 Kont\u00far","article_modified_time":"2024-07-17T18:14:51+00:00","og_image":[{"width":811,"height":812,"url":"https:\/\/www.renekontur.com\/wp-content\/uploads\/2024\/07\/rene-profile-pics.png","type":"image\/png"}],"twitter_card":"summary_large_image","twitter_misc":{"Predpokladan\u00fd \u010das \u010d\u00edtania":"1 min\u00fata"},"schema":{"@context":"https:\/\/schema.org","@graph":[{"@type":"WebPage","@id":"https:\/\/www.renekontur.com\/","url":"https:\/\/www.renekontur.com\/","name":"Cameraman &amp; photographer - Mgr. Art. Ren\u00e9 Kont\u00far","isPartOf":{"@id":"https:\/\/www.renekontur.com\/#website"},"primaryImageOfPage":{"@id":"https:\/\/www.renekontur.com\/#primaryimage"},"image":{"@id":"https:\/\/www.renekontur.com\/#primaryimage"},"thumbnailUrl":"https:\/\/www.renekontur.com\/wp-content\/uploads\/2024\/07\/rene-profile-pics.png","datePublished":"2024-07-17T12:23:38+00:00","dateModified":"2024-07-17T18:14:51+00:00","description":"Since and during my studies at V\u0160MU, I have been engaged in photography and cinematography.","breadcrumb":{"@id":"https:\/\/www.renekontur.com\/#breadcrumb"},"inLanguage":"sk-SK","potentialAction":[{"@type":"ReadAction","target":["https:\/\/www.renekontur.com\/"]}]},{"@type":"ImageObject","inLanguage":"sk-SK","@id":"https:\/\/www.renekontur.com\/#primaryimage","url":"https:\/\/www.renekontur.com\/wp-content\/uploads\/2024\/07\/rene-profile-pics.png","contentUrl":"https:\/\/www.renekontur.com\/wp-content\/uploads\/2024\/07\/rene-profile-pics.png","width":811,"height":812},{"@type":"BreadcrumbList","@id":"https:\/\/www.renekontur.com\/#breadcrumb","itemListElement":[{"@type":"ListItem","position":1,"name":"Domovsk\u00e1 str\u00e1nka","item":"https:\/\/www.renekontur.com\/"},{"@type":"ListItem","position":2,"name":"Cameraman &amp; photographer"}]},{"@type":"WebSite","@id":"https:\/\/www.renekontur.com\/#website","url":"https:\/\/www.renekontur.com\/","name":"Mgr. Art. Ren\u00e9 Kont\u00far","description":"","publisher":{"@id":"https:\/\/www.renekontur.com\/#\/schema\/person\/7c28864972f73f6b370ecb5ecb6e237f"},"alternateName":"Ren\u00e9 Kont\u00far - photographer and cameraman","potentialAction":[{"@type":"SearchAction","target":{"@type":"EntryPoint","urlTemplate":"https:\/\/www.renekontur.com\/?s={search_term_string}"},"query-input":"required name=search_term_string"}],"inLanguage":"sk-SK"},{"@type":["Person","Organization"],"@id":"https:\/\/www.renekontur.com\/#\/schema\/person\/7c28864972f73f6b370ecb5ecb6e237f","name":"renekontur1998","image":{"@type":"ImageObject","inLanguage":"sk-SK","@id":"https:\/\/www.renekontur.com\/#\/schema\/person\/image\/","url":"https:\/\/www.renekontur.com\/wp-content\/uploads\/2024\/07\/cropped-podpis-e1721209206649-1.png","contentUrl":"https:\/\/www.renekontur.com\/wp-content\/uploads\/2024\/07\/cropped-podpis-e1721209206649-1.png","width":733,"height":245,"caption":"renekontur1998"},"logo":{"@id":"https:\/\/www.renekontur.com\/#\/schema\/person\/image\/"},"sameAs":["https:\/\/www.renekontur.com"]}]}},"_links":{"self":[{"href":"https:\/\/www.renekontur.com\/index.php?rest_route=\/wp\/v2\/pages\/7","targetHints":{"allow":["GET"]}}],"collection":[{"href":"https:\/\/www.renekontur.com\/index.php?rest_route=\/wp\/v2\/pages"}],"about":[{"href":"https:\/\/www.renekontur.com\/index.php?rest_route=\/wp\/v2\/types\/page"}],"author":[{"embeddable":true,"href":"https:\/\/www.renekontur.com\/index.php?rest_route=\/wp\/v2\/users\/1"}],"replies":[{"embeddable":true,"href":"https:\/\/www.renekontur.com\/index.php?rest_route=%2Fwp%2Fv2%2Fcomments&post=7"}],"version-history":[{"count":5,"href":"https:\/\/www.renekontur.com\/index.php?rest_route=\/wp\/v2\/pages\/7\/revisions"}],"predecessor-version":[{"id":169,"href":"https:\/\/www.renekontur.com\/index.php?rest_route=\/wp\/v2\/pages\/7\/revisions\/169"}],"wp:featuredmedia":[{"embeddable":true,"href":"https:\/\/www.renekontur.com\/index.php?rest_route=\/wp\/v2\/media\/19"}],"wp:attachment":[{"href":"https:\/\/www.renekontur.com\/index.php?rest_route=%2Fwp%2Fv2%2Fmedia&parent=7"}],"curies":[{"name":"wp","href":"https:\/\/api.w.org\/{rel}","templated":true}]}}