{"id":135,"date":"2024-07-17T18:16:32","date_gmt":"2024-07-17T16:16:32","guid":{"rendered":"https:\/\/www.renekontur.com\/?page_id=135"},"modified":"2024-07-17T18:42:32","modified_gmt":"2024-07-17T16:42:32","slug":"biography","status":"publish","type":"page","link":"https:\/\/www.renekontur.com\/?page_id=135","title":{"rendered":"Biography"},"content":{"rendered":"\n<pre id=\"tw-target-text\" class=\"wp-block-preformatted\">Cooperation on movies and other projects <br>from student to big movies:<\/pre>\n\n\n\n<div class=\"wp-block-buttons is-layout-flex wp-block-buttons-is-layout-flex\">\n<div class=\"wp-block-button\"><a class=\"wp-block-button__link wp-element-button\" href=\"https:\/\/www.imdb.com\/name\/nm13599644\/?ref_=fn_al_nm_1\">Find more on Imdb&#8230;<\/a><\/div>\n<\/div>\n\n\n\n<p>2020 &#8211; Pre \u010dist\u00e9 svedomie &#8211; Short &#8211; The first assistant on camera<\/p>\n\n\n\n<p>2022 &#8211; The killing of a Journalist  &#8211; 2nd assistant of camera<\/p>\n\n\n\n<p>2022 &#8211; TV series &#8211; Ultim\u00e1tum &#8211; 1th assistant of camera<\/p>\n\n\n\n<p>2023 &#8211; Villa Lucia &#8211; 1th assistant of camera<\/p>\n\n\n\n<p>2023 &#8211; TV series &#8211; Einstein &#8211; camera operator + 1th assistant of camera<\/p>\n\n\n\n<p>2023 &#8211; Gran Tourismo &#8211; 2nd assistant d camera main unit<\/p>\n\n\n\n<p>2024 &#8211; TV series &#8211; The Tattooist of Auschwitz &#8211; Additional of Bcam first assistant camera<\/p>\n\n\n\n<p>2024 &#8211; Ema a Smrtihlav &#8211; 2nd assistant camera<\/p>\n\n\n\n<p>2024 &#8211; Afterburn &#8211; 1th assistant camera<\/p>\n\n\n\n<p>in between some advertisement projects for Mercedes Benz Bansk\u00e1 Bystrica, APPA organisation, GENIUSO &#8211; speaking books, SLSP, O2, FVLCRVM, Student\u00b4s projects, and so on&#8230;. <\/p>\n\n\n\n<figure class=\"wp-block-image size-full\"><img loading=\"lazy\" decoding=\"async\" width=\"801\" height=\"801\" src=\"https:\/\/www.renekontur.com\/wp-content\/uploads\/2024\/07\/Capture-tovaren.png\" alt=\"\" class=\"wp-image-141\" srcset=\"https:\/\/www.renekontur.com\/wp-content\/uploads\/2024\/07\/Capture-tovaren.png 801w, https:\/\/www.renekontur.com\/wp-content\/uploads\/2024\/07\/Capture-tovaren-300x300.png 300w, https:\/\/www.renekontur.com\/wp-content\/uploads\/2024\/07\/Capture-tovaren-150x150.png 150w, https:\/\/www.renekontur.com\/wp-content\/uploads\/2024\/07\/Capture-tovaren-768x768.png 768w\" sizes=\"auto, (max-width: 801px) 100vw, 801px\" \/><\/figure>\n\n\n\n<figure class=\"wp-block-image size-large\"><img loading=\"lazy\" decoding=\"async\" width=\"1024\" height=\"379\" src=\"https:\/\/www.renekontur.com\/wp-content\/uploads\/2024\/07\/known-mainly-for-1024x379.png\" alt=\"\" class=\"wp-image-149\" srcset=\"https:\/\/www.renekontur.com\/wp-content\/uploads\/2024\/07\/known-mainly-for-1024x379.png 1024w, https:\/\/www.renekontur.com\/wp-content\/uploads\/2024\/07\/known-mainly-for-300x111.png 300w, https:\/\/www.renekontur.com\/wp-content\/uploads\/2024\/07\/known-mainly-for-768x284.png 768w, https:\/\/www.renekontur.com\/wp-content\/uploads\/2024\/07\/known-mainly-for.png 1076w\" sizes=\"auto, (max-width: 1024px) 100vw, 1024px\" \/><\/figure>\n","protected":false},"excerpt":{"rendered":"<p>Cooperation on movies and other projects from student to big movies: 2020 &#8211; Pre \u010dist\u00e9 svedomie &#8211; Short &#8211; The first assistant on camera 2022 &#8211; The killing of a Journalist &#8211; 2nd assistant of camera 2022 &#8211; TV series &#8211; Ultim\u00e1tum &#8211; 1th assistant of camera 2023 &#8211; Villa Lucia &#8211; 1th assistant of&hellip; <a class=\"more-link\" href=\"https:\/\/www.renekontur.com\/?page_id=135\">Pokra\u010dova\u0165 v \u010d\u00edtan\u00ed <span class=\"screen-reader-text\">Biography<\/span><\/a><\/p>\n","protected":false},"author":1,"featured_media":0,"parent":0,"menu_order":0,"comment_status":"closed","ping_status":"closed","template":"","meta":{"footnotes":""},"class_list":["post-135","page","type-page","status-publish","hentry","entry"],"yoast_head":"<!-- This site is optimized with the Yoast SEO plugin v23.1 - https:\/\/yoast.com\/wordpress\/plugins\/seo\/ -->\n<title>Biography - Mgr. Art. Ren\u00e9 Kont\u00far<\/title>\n<meta name=\"robots\" content=\"index, follow, max-snippet:-1, max-image-preview:large, max-video-preview:-1\" \/>\n<link rel=\"canonical\" href=\"https:\/\/www.renekontur.com\/?page_id=135\" \/>\n<meta property=\"og:locale\" content=\"sk_SK\" \/>\n<meta property=\"og:type\" content=\"article\" \/>\n<meta property=\"og:title\" content=\"Biography - Mgr. Art. Ren\u00e9 Kont\u00far\" \/>\n<meta property=\"og:description\" content=\"Cooperation on movies and other projects from student to big movies: 2020 &#8211; Pre \u010dist\u00e9 svedomie &#8211; Short &#8211; The first assistant on camera 2022 &#8211; The killing of a Journalist &#8211; 2nd assistant of camera 2022 &#8211; TV series &#8211; Ultim\u00e1tum &#8211; 1th assistant of camera 2023 &#8211; Villa Lucia &#8211; 1th assistant of&hellip; Pokra\u010dova\u0165 v \u010d\u00edtan\u00ed Biography\" \/>\n<meta property=\"og:url\" content=\"https:\/\/www.renekontur.com\/?page_id=135\" \/>\n<meta property=\"og:site_name\" content=\"Mgr. Art. Ren\u00e9 Kont\u00far\" \/>\n<meta property=\"article:modified_time\" content=\"2024-07-17T16:42:32+00:00\" \/>\n<meta property=\"og:image\" content=\"https:\/\/www.renekontur.com\/wp-content\/uploads\/2024\/07\/Capture-tovaren.png\" \/>\n<meta name=\"twitter:card\" content=\"summary_large_image\" \/>\n<meta name=\"twitter:label1\" content=\"Predpokladan\u00fd \u010das \u010d\u00edtania\" \/>\n\t<meta name=\"twitter:data1\" content=\"1 min\u00fata\" \/>\n<script type=\"application\/ld+json\" class=\"yoast-schema-graph\">{\"@context\":\"https:\/\/schema.org\",\"@graph\":[{\"@type\":\"WebPage\",\"@id\":\"https:\/\/www.renekontur.com\/?page_id=135\",\"url\":\"https:\/\/www.renekontur.com\/?page_id=135\",\"name\":\"Biography - Mgr. Art. Ren\u00e9 Kont\u00far\",\"isPartOf\":{\"@id\":\"https:\/\/www.renekontur.com\/#website\"},\"primaryImageOfPage\":{\"@id\":\"https:\/\/www.renekontur.com\/?page_id=135#primaryimage\"},\"image\":{\"@id\":\"https:\/\/www.renekontur.com\/?page_id=135#primaryimage\"},\"thumbnailUrl\":\"https:\/\/www.renekontur.com\/wp-content\/uploads\/2024\/07\/Capture-tovaren.png\",\"datePublished\":\"2024-07-17T16:16:32+00:00\",\"dateModified\":\"2024-07-17T16:42:32+00:00\",\"breadcrumb\":{\"@id\":\"https:\/\/www.renekontur.com\/?page_id=135#breadcrumb\"},\"inLanguage\":\"sk-SK\",\"potentialAction\":[{\"@type\":\"ReadAction\",\"target\":[\"https:\/\/www.renekontur.com\/?page_id=135\"]}]},{\"@type\":\"ImageObject\",\"inLanguage\":\"sk-SK\",\"@id\":\"https:\/\/www.renekontur.com\/?page_id=135#primaryimage\",\"url\":\"https:\/\/www.renekontur.com\/wp-content\/uploads\/2024\/07\/Capture-tovaren.png\",\"contentUrl\":\"https:\/\/www.renekontur.com\/wp-content\/uploads\/2024\/07\/Capture-tovaren.png\",\"width\":801,\"height\":801},{\"@type\":\"BreadcrumbList\",\"@id\":\"https:\/\/www.renekontur.com\/?page_id=135#breadcrumb\",\"itemListElement\":[{\"@type\":\"ListItem\",\"position\":1,\"name\":\"Domovsk\u00e1 str\u00e1nka\",\"item\":\"https:\/\/www.renekontur.com\/\"},{\"@type\":\"ListItem\",\"position\":2,\"name\":\"Biography\"}]},{\"@type\":\"WebSite\",\"@id\":\"https:\/\/www.renekontur.com\/#website\",\"url\":\"https:\/\/www.renekontur.com\/\",\"name\":\"Mgr. Art. Ren\u00e9 Kont\u00far\",\"description\":\"\",\"publisher\":{\"@id\":\"https:\/\/www.renekontur.com\/#\/schema\/person\/7c28864972f73f6b370ecb5ecb6e237f\"},\"alternateName\":\"Ren\u00e9 Kont\u00far - photographer and cameraman\",\"potentialAction\":[{\"@type\":\"SearchAction\",\"target\":{\"@type\":\"EntryPoint\",\"urlTemplate\":\"https:\/\/www.renekontur.com\/?s={search_term_string}\"},\"query-input\":\"required name=search_term_string\"}],\"inLanguage\":\"sk-SK\"},{\"@type\":[\"Person\",\"Organization\"],\"@id\":\"https:\/\/www.renekontur.com\/#\/schema\/person\/7c28864972f73f6b370ecb5ecb6e237f\",\"name\":\"renekontur1998\",\"image\":{\"@type\":\"ImageObject\",\"inLanguage\":\"sk-SK\",\"@id\":\"https:\/\/www.renekontur.com\/#\/schema\/person\/image\/\",\"url\":\"https:\/\/www.renekontur.com\/wp-content\/uploads\/2024\/07\/cropped-podpis-e1721209206649-1.png\",\"contentUrl\":\"https:\/\/www.renekontur.com\/wp-content\/uploads\/2024\/07\/cropped-podpis-e1721209206649-1.png\",\"width\":733,\"height\":245,\"caption\":\"renekontur1998\"},\"logo\":{\"@id\":\"https:\/\/www.renekontur.com\/#\/schema\/person\/image\/\"},\"sameAs\":[\"https:\/\/www.renekontur.com\"]}]}<\/script>\n<!-- \/ Yoast SEO plugin. -->","yoast_head_json":{"title":"Biography - Mgr. Art. Ren\u00e9 Kont\u00far","robots":{"index":"index","follow":"follow","max-snippet":"max-snippet:-1","max-image-preview":"max-image-preview:large","max-video-preview":"max-video-preview:-1"},"canonical":"https:\/\/www.renekontur.com\/?page_id=135","og_locale":"sk_SK","og_type":"article","og_title":"Biography - Mgr. Art. Ren\u00e9 Kont\u00far","og_description":"Cooperation on movies and other projects from student to big movies: 2020 &#8211; Pre \u010dist\u00e9 svedomie &#8211; Short &#8211; The first assistant on camera 2022 &#8211; The killing of a Journalist &#8211; 2nd assistant of camera 2022 &#8211; TV series &#8211; Ultim\u00e1tum &#8211; 1th assistant of camera 2023 &#8211; Villa Lucia &#8211; 1th assistant of&hellip; Pokra\u010dova\u0165 v \u010d\u00edtan\u00ed Biography","og_url":"https:\/\/www.renekontur.com\/?page_id=135","og_site_name":"Mgr. Art. Ren\u00e9 Kont\u00far","article_modified_time":"2024-07-17T16:42:32+00:00","og_image":[{"url":"https:\/\/www.renekontur.com\/wp-content\/uploads\/2024\/07\/Capture-tovaren.png"}],"twitter_card":"summary_large_image","twitter_misc":{"Predpokladan\u00fd \u010das \u010d\u00edtania":"1 min\u00fata"},"schema":{"@context":"https:\/\/schema.org","@graph":[{"@type":"WebPage","@id":"https:\/\/www.renekontur.com\/?page_id=135","url":"https:\/\/www.renekontur.com\/?page_id=135","name":"Biography - Mgr. Art. Ren\u00e9 Kont\u00far","isPartOf":{"@id":"https:\/\/www.renekontur.com\/#website"},"primaryImageOfPage":{"@id":"https:\/\/www.renekontur.com\/?page_id=135#primaryimage"},"image":{"@id":"https:\/\/www.renekontur.com\/?page_id=135#primaryimage"},"thumbnailUrl":"https:\/\/www.renekontur.com\/wp-content\/uploads\/2024\/07\/Capture-tovaren.png","datePublished":"2024-07-17T16:16:32+00:00","dateModified":"2024-07-17T16:42:32+00:00","breadcrumb":{"@id":"https:\/\/www.renekontur.com\/?page_id=135#breadcrumb"},"inLanguage":"sk-SK","potentialAction":[{"@type":"ReadAction","target":["https:\/\/www.renekontur.com\/?page_id=135"]}]},{"@type":"ImageObject","inLanguage":"sk-SK","@id":"https:\/\/www.renekontur.com\/?page_id=135#primaryimage","url":"https:\/\/www.renekontur.com\/wp-content\/uploads\/2024\/07\/Capture-tovaren.png","contentUrl":"https:\/\/www.renekontur.com\/wp-content\/uploads\/2024\/07\/Capture-tovaren.png","width":801,"height":801},{"@type":"BreadcrumbList","@id":"https:\/\/www.renekontur.com\/?page_id=135#breadcrumb","itemListElement":[{"@type":"ListItem","position":1,"name":"Domovsk\u00e1 str\u00e1nka","item":"https:\/\/www.renekontur.com\/"},{"@type":"ListItem","position":2,"name":"Biography"}]},{"@type":"WebSite","@id":"https:\/\/www.renekontur.com\/#website","url":"https:\/\/www.renekontur.com\/","name":"Mgr. Art. Ren\u00e9 Kont\u00far","description":"","publisher":{"@id":"https:\/\/www.renekontur.com\/#\/schema\/person\/7c28864972f73f6b370ecb5ecb6e237f"},"alternateName":"Ren\u00e9 Kont\u00far - photographer and cameraman","potentialAction":[{"@type":"SearchAction","target":{"@type":"EntryPoint","urlTemplate":"https:\/\/www.renekontur.com\/?s={search_term_string}"},"query-input":"required name=search_term_string"}],"inLanguage":"sk-SK"},{"@type":["Person","Organization"],"@id":"https:\/\/www.renekontur.com\/#\/schema\/person\/7c28864972f73f6b370ecb5ecb6e237f","name":"renekontur1998","image":{"@type":"ImageObject","inLanguage":"sk-SK","@id":"https:\/\/www.renekontur.com\/#\/schema\/person\/image\/","url":"https:\/\/www.renekontur.com\/wp-content\/uploads\/2024\/07\/cropped-podpis-e1721209206649-1.png","contentUrl":"https:\/\/www.renekontur.com\/wp-content\/uploads\/2024\/07\/cropped-podpis-e1721209206649-1.png","width":733,"height":245,"caption":"renekontur1998"},"logo":{"@id":"https:\/\/www.renekontur.com\/#\/schema\/person\/image\/"},"sameAs":["https:\/\/www.renekontur.com"]}]}},"_links":{"self":[{"href":"https:\/\/www.renekontur.com\/index.php?rest_route=\/wp\/v2\/pages\/135","targetHints":{"allow":["GET"]}}],"collection":[{"href":"https:\/\/www.renekontur.com\/index.php?rest_route=\/wp\/v2\/pages"}],"about":[{"href":"https:\/\/www.renekontur.com\/index.php?rest_route=\/wp\/v2\/types\/page"}],"author":[{"embeddable":true,"href":"https:\/\/www.renekontur.com\/index.php?rest_route=\/wp\/v2\/users\/1"}],"replies":[{"embeddable":true,"href":"https:\/\/www.renekontur.com\/index.php?rest_route=%2Fwp%2Fv2%2Fcomments&post=135"}],"version-history":[{"count":4,"href":"https:\/\/www.renekontur.com\/index.php?rest_route=\/wp\/v2\/pages\/135\/revisions"}],"predecessor-version":[{"id":150,"href":"https:\/\/www.renekontur.com\/index.php?rest_route=\/wp\/v2\/pages\/135\/revisions\/150"}],"wp:attachment":[{"href":"https:\/\/www.renekontur.com\/index.php?rest_route=%2Fwp%2Fv2%2Fmedia&parent=135"}],"curies":[{"name":"wp","href":"https:\/\/api.w.org\/{rel}","templated":true}]}}