{"id":10,"date":"2024-07-17T15:56:32","date_gmt":"2024-07-17T13:56:32","guid":{"rendered":"https:\/\/www.renekontur.com\/?page_id=10"},"modified":"2024-07-17T19:55:15","modified_gmt":"2024-07-17T17:55:15","slug":"foto-portfolio","status":"publish","type":"page","link":"https:\/\/www.renekontur.com\/?page_id=10","title":{"rendered":"FOTO Portf\u00f3lio"},"content":{"rendered":"\n<p><br>Personal photos from travelling- available for purchase<\/p>\n\n\n\n<div class=\"wp-block-cover alignfull\" style=\"padding-top:4vw;padding-right:4vw;padding-bottom:4vw;padding-left:4vw;min-height:66vh;aspect-ratio:unset;\"><span aria-hidden=\"true\" class=\"wp-block-cover__background has-black-background-color has-background-dim-100 has-background-dim\"><\/span><div class=\"wp-block-cover__inner-container is-layout-flow wp-block-cover-is-layout-flow\">\n<div class=\"wp-block-group is-content-justification-center is-nowrap is-layout-flex wp-container-core-group-is-layout-dbad4144 wp-block-group-is-layout-flex\">\n<figure class=\"wp-block-image size-large is-resized\"><img loading=\"lazy\" decoding=\"async\" width=\"576\" height=\"1024\" src=\"https:\/\/www.renekontur.com\/wp-content\/uploads\/2024\/07\/IMG2-576x1024.jpg\" alt=\"\" class=\"wp-image-54\" style=\"width:325px;height:auto\" srcset=\"https:\/\/www.renekontur.com\/wp-content\/uploads\/2024\/07\/IMG2-576x1024.jpg 576w, https:\/\/www.renekontur.com\/wp-content\/uploads\/2024\/07\/IMG2-169x300.jpg 169w, https:\/\/www.renekontur.com\/wp-content\/uploads\/2024\/07\/IMG2-768x1365.jpg 768w, https:\/\/www.renekontur.com\/wp-content\/uploads\/2024\/07\/IMG2-864x1536.jpg 864w, https:\/\/www.renekontur.com\/wp-content\/uploads\/2024\/07\/IMG2-1152x2048.jpg 1152w, https:\/\/www.renekontur.com\/wp-content\/uploads\/2024\/07\/IMG2-34x60.jpg 34w, https:\/\/www.renekontur.com\/wp-content\/uploads\/2024\/07\/IMG2-scaled.jpg 1440w\" sizes=\"auto, (max-width: 576px) 100vw, 576px\" \/><\/figure>\n\n\n\n<figure class=\"wp-block-image size-full\"><img loading=\"lazy\" decoding=\"async\" width=\"570\" height=\"743\" src=\"https:\/\/www.renekontur.com\/wp-content\/uploads\/2024\/07\/Capture.jpg\" alt=\"\" class=\"wp-image-55\" srcset=\"https:\/\/www.renekontur.com\/wp-content\/uploads\/2024\/07\/Capture.jpg 570w, https:\/\/www.renekontur.com\/wp-content\/uploads\/2024\/07\/Capture-230x300.jpg 230w, https:\/\/www.renekontur.com\/wp-content\/uploads\/2024\/07\/Capture-46x60.jpg 46w\" sizes=\"auto, (max-width: 570px) 100vw, 570px\" \/><\/figure>\n<\/div>\n<\/div><\/div>\n\n\n\n<div class=\"wp-block-columns alignwide is-layout-flex wp-container-core-columns-is-layout-9d6595d7 wp-block-columns-is-layout-flex\">\n<div class=\"wp-block-column is-layout-flow wp-block-column-is-layout-flow\" style=\"flex-basis:25%\">\n<figure class=\"wp-block-image size-full is-resized is-style-default\"><img loading=\"lazy\" decoding=\"async\" width=\"726\" height=\"507\" src=\"https:\/\/www.renekontur.com\/wp-content\/uploads\/2024\/07\/Capture2.jpg\" alt=\"\" class=\"wp-image-56\" style=\"width:436px;height:auto\" srcset=\"https:\/\/www.renekontur.com\/wp-content\/uploads\/2024\/07\/Capture2.jpg 726w, https:\/\/www.renekontur.com\/wp-content\/uploads\/2024\/07\/Capture2-300x210.jpg 300w, https:\/\/www.renekontur.com\/wp-content\/uploads\/2024\/07\/Capture2-86x60.jpg 86w\" sizes=\"auto, (max-width: 726px) 100vw, 726px\" \/><\/figure>\n\n\n\n<figure class=\"wp-block-image size-large\"><img loading=\"lazy\" decoding=\"async\" width=\"640\" height=\"1024\" src=\"https:\/\/www.renekontur.com\/wp-content\/uploads\/2024\/07\/IMG5-3-640x1024.jpg\" alt=\"\" class=\"wp-image-58\" srcset=\"https:\/\/www.renekontur.com\/wp-content\/uploads\/2024\/07\/IMG5-3-640x1024.jpg 640w, https:\/\/www.renekontur.com\/wp-content\/uploads\/2024\/07\/IMG5-3-188x300.jpg 188w, https:\/\/www.renekontur.com\/wp-content\/uploads\/2024\/07\/IMG5-3-768x1229.jpg 768w, https:\/\/www.renekontur.com\/wp-content\/uploads\/2024\/07\/IMG5-3-960x1536.jpg 960w, https:\/\/www.renekontur.com\/wp-content\/uploads\/2024\/07\/IMG5-3-1280x2048.jpg 1280w, https:\/\/www.renekontur.com\/wp-content\/uploads\/2024\/07\/IMG5-3-38x60.jpg 38w, https:\/\/www.renekontur.com\/wp-content\/uploads\/2024\/07\/IMG5-3-scaled.jpg 1600w\" sizes=\"auto, (max-width: 640px) 100vw, 640px\" \/><\/figure>\n<\/div>\n\n\n\n<div class=\"wp-block-column is-layout-flow wp-block-column-is-layout-flow\" style=\"flex-basis:25%\">\n<div style=\"height:500px\" aria-hidden=\"true\" class=\"wp-block-spacer\"><\/div>\n\n\n\n<div style=\"height:150px\" aria-hidden=\"true\" class=\"wp-block-spacer\"><\/div>\n\n\n\n<figure class=\"wp-block-image size-large\"><img loading=\"lazy\" decoding=\"async\" width=\"576\" height=\"1024\" src=\"https:\/\/www.renekontur.com\/wp-content\/uploads\/2024\/07\/IMG26-3-576x1024.jpg\" alt=\"\" class=\"wp-image-59\" srcset=\"https:\/\/www.renekontur.com\/wp-content\/uploads\/2024\/07\/IMG26-3-576x1024.jpg 576w, https:\/\/www.renekontur.com\/wp-content\/uploads\/2024\/07\/IMG26-3-169x300.jpg 169w, https:\/\/www.renekontur.com\/wp-content\/uploads\/2024\/07\/IMG26-3-768x1365.jpg 768w, https:\/\/www.renekontur.com\/wp-content\/uploads\/2024\/07\/IMG26-3-864x1536.jpg 864w, https:\/\/www.renekontur.com\/wp-content\/uploads\/2024\/07\/IMG26-3-1152x2048.jpg 1152w, https:\/\/www.renekontur.com\/wp-content\/uploads\/2024\/07\/IMG26-3-34x60.jpg 34w, https:\/\/www.renekontur.com\/wp-content\/uploads\/2024\/07\/IMG26-3-scaled.jpg 1440w\" sizes=\"auto, (max-width: 576px) 100vw, 576px\" \/><\/figure>\n<\/div>\n\n\n\n<div class=\"wp-block-column is-layout-flow wp-block-column-is-layout-flow\" style=\"flex-basis:45%\">\n<figure class=\"wp-block-image size-large is-style-default\"><img loading=\"lazy\" decoding=\"async\" width=\"576\" height=\"1024\" src=\"https:\/\/www.renekontur.com\/wp-content\/uploads\/2024\/07\/IMG31-3-576x1024.jpg\" alt=\"\" class=\"wp-image-57\" srcset=\"https:\/\/www.renekontur.com\/wp-content\/uploads\/2024\/07\/IMG31-3-576x1024.jpg 576w, https:\/\/www.renekontur.com\/wp-content\/uploads\/2024\/07\/IMG31-3-169x300.jpg 169w, https:\/\/www.renekontur.com\/wp-content\/uploads\/2024\/07\/IMG31-3-768x1366.jpg 768w, https:\/\/www.renekontur.com\/wp-content\/uploads\/2024\/07\/IMG31-3-864x1536.jpg 864w, https:\/\/www.renekontur.com\/wp-content\/uploads\/2024\/07\/IMG31-3-1152x2048.jpg 1152w, https:\/\/www.renekontur.com\/wp-content\/uploads\/2024\/07\/IMG31-3-34x60.jpg 34w, https:\/\/www.renekontur.com\/wp-content\/uploads\/2024\/07\/IMG31-3-scaled.jpg 1440w\" sizes=\"auto, (max-width: 576px) 100vw, 576px\" \/><\/figure>\n\n\n\n<div style=\"height:285px\" aria-hidden=\"true\" class=\"wp-block-spacer\"><\/div>\n<\/div>\n<\/div>\n\n\n\n<div class=\"wp-block-cover alignfull\" style=\"padding-top:4vw;padding-right:4vw;padding-bottom:4vw;padding-left:4vw;min-height:66vh;aspect-ratio:unset;\"><span aria-hidden=\"true\" class=\"wp-block-cover__background has-black-background-color has-background-dim-100 has-background-dim\"><\/span><div class=\"wp-block-cover__inner-container is-layout-flow wp-block-cover-is-layout-flow\">\n<div class=\"wp-block-group is-content-justification-center is-nowrap is-layout-flex wp-container-core-group-is-layout-dbad4144 wp-block-group-is-layout-flex\">\n<figure class=\"wp-block-image size-large\"><img loading=\"lazy\" decoding=\"async\" width=\"820\" height=\"1024\" src=\"https:\/\/www.renekontur.com\/wp-content\/uploads\/2024\/07\/IMG5-820x1024.jpg\" alt=\"\" class=\"wp-image-61\" srcset=\"https:\/\/www.renekontur.com\/wp-content\/uploads\/2024\/07\/IMG5-820x1024.jpg 820w, https:\/\/www.renekontur.com\/wp-content\/uploads\/2024\/07\/IMG5-240x300.jpg 240w, https:\/\/www.renekontur.com\/wp-content\/uploads\/2024\/07\/IMG5-768x960.jpg 768w, https:\/\/www.renekontur.com\/wp-content\/uploads\/2024\/07\/IMG5-1229x1536.jpg 1229w, https:\/\/www.renekontur.com\/wp-content\/uploads\/2024\/07\/IMG5-1639x2048.jpg 1639w, https:\/\/www.renekontur.com\/wp-content\/uploads\/2024\/07\/IMG5-48x60.jpg 48w\" sizes=\"auto, (max-width: 820px) 100vw, 820px\" \/><\/figure>\n\n\n\n<figure class=\"wp-block-image size-large\"><img loading=\"lazy\" decoding=\"async\" width=\"768\" height=\"1024\" src=\"https:\/\/www.renekontur.com\/wp-content\/uploads\/2024\/07\/IMG7-1-768x1024.jpg\" alt=\"\" class=\"wp-image-62\" srcset=\"https:\/\/www.renekontur.com\/wp-content\/uploads\/2024\/07\/IMG7-1-768x1024.jpg 768w, https:\/\/www.renekontur.com\/wp-content\/uploads\/2024\/07\/IMG7-1-225x300.jpg 225w, https:\/\/www.renekontur.com\/wp-content\/uploads\/2024\/07\/IMG7-1-1152x1536.jpg 1152w, https:\/\/www.renekontur.com\/wp-content\/uploads\/2024\/07\/IMG7-1-1536x2048.jpg 1536w, https:\/\/www.renekontur.com\/wp-content\/uploads\/2024\/07\/IMG7-1-45x60.jpg 45w, https:\/\/www.renekontur.com\/wp-content\/uploads\/2024\/07\/IMG7-1-scaled.jpg 1919w\" sizes=\"auto, (max-width: 768px) 100vw, 768px\" \/><\/figure>\n<\/div>\n<\/div><\/div>\n\n\n\n<div class=\"wp-block-columns alignwide is-layout-flex wp-container-core-columns-is-layout-9d6595d7 wp-block-columns-is-layout-flex\">\n<div class=\"wp-block-column is-layout-flow wp-block-column-is-layout-flow\" style=\"flex-basis:25%\">\n<figure class=\"wp-block-image size-large is-resized is-style-default\"><img loading=\"lazy\" decoding=\"async\" width=\"1024\" height=\"576\" src=\"https:\/\/www.renekontur.com\/wp-content\/uploads\/2024\/07\/IMG10-3-1024x576.jpg\" alt=\"\" class=\"wp-image-63\" style=\"width:404px;height:auto\" srcset=\"https:\/\/www.renekontur.com\/wp-content\/uploads\/2024\/07\/IMG10-3-1024x576.jpg 1024w, https:\/\/www.renekontur.com\/wp-content\/uploads\/2024\/07\/IMG10-3-300x169.jpg 300w, https:\/\/www.renekontur.com\/wp-content\/uploads\/2024\/07\/IMG10-3-768x432.jpg 768w, https:\/\/www.renekontur.com\/wp-content\/uploads\/2024\/07\/IMG10-3-1536x864.jpg 1536w, https:\/\/www.renekontur.com\/wp-content\/uploads\/2024\/07\/IMG10-3-2048x1152.jpg 2048w, https:\/\/www.renekontur.com\/wp-content\/uploads\/2024\/07\/IMG10-3-107x60.jpg 107w\" sizes=\"auto, (max-width: 1024px) 100vw, 1024px\" \/><\/figure>\n\n\n\n<figure class=\"wp-block-image size-large is-resized\"><img loading=\"lazy\" decoding=\"async\" width=\"640\" height=\"1024\" src=\"https:\/\/www.renekontur.com\/wp-content\/uploads\/2024\/07\/IMG210-640x1024.jpg\" alt=\"\" class=\"wp-image-65\" style=\"width:274px;height:auto\" srcset=\"https:\/\/www.renekontur.com\/wp-content\/uploads\/2024\/07\/IMG210-640x1024.jpg 640w, https:\/\/www.renekontur.com\/wp-content\/uploads\/2024\/07\/IMG210-188x300.jpg 188w, https:\/\/www.renekontur.com\/wp-content\/uploads\/2024\/07\/IMG210-768x1229.jpg 768w, https:\/\/www.renekontur.com\/wp-content\/uploads\/2024\/07\/IMG210-960x1536.jpg 960w, https:\/\/www.renekontur.com\/wp-content\/uploads\/2024\/07\/IMG210-1280x2048.jpg 1280w, https:\/\/www.renekontur.com\/wp-content\/uploads\/2024\/07\/IMG210-38x60.jpg 38w, https:\/\/www.renekontur.com\/wp-content\/uploads\/2024\/07\/IMG210-scaled.jpg 1600w\" sizes=\"auto, (max-width: 640px) 100vw, 640px\" \/><\/figure>\n\n\n\n<figure class=\"wp-block-image size-large\"><img loading=\"lazy\" decoding=\"async\" width=\"1024\" height=\"576\" src=\"https:\/\/www.renekontur.com\/wp-content\/uploads\/2024\/07\/IMG58-1024x576.jpg\" alt=\"\" class=\"wp-image-68\" srcset=\"https:\/\/www.renekontur.com\/wp-content\/uploads\/2024\/07\/IMG58-1024x576.jpg 1024w, https:\/\/www.renekontur.com\/wp-content\/uploads\/2024\/07\/IMG58-300x169.jpg 300w, https:\/\/www.renekontur.com\/wp-content\/uploads\/2024\/07\/IMG58-768x432.jpg 768w, https:\/\/www.renekontur.com\/wp-content\/uploads\/2024\/07\/IMG58-1536x864.jpg 1536w, https:\/\/www.renekontur.com\/wp-content\/uploads\/2024\/07\/IMG58-2048x1152.jpg 2048w, https:\/\/www.renekontur.com\/wp-content\/uploads\/2024\/07\/IMG58-107x60.jpg 107w\" sizes=\"auto, (max-width: 1024px) 100vw, 1024px\" \/><\/figure>\n<\/div>\n\n\n\n<div class=\"wp-block-column is-layout-flow wp-block-column-is-layout-flow\" style=\"flex-basis:25%\">\n<div style=\"height:500px\" aria-hidden=\"true\" class=\"wp-block-spacer\"><\/div>\n\n\n\n<div style=\"height:150px\" aria-hidden=\"true\" class=\"wp-block-spacer\"><\/div>\n\n\n\n<figure class=\"wp-block-image size-large\"><img loading=\"lazy\" decoding=\"async\" width=\"640\" height=\"1024\" src=\"https:\/\/www.renekontur.com\/wp-content\/uploads\/2024\/07\/IMG350-640x1024.jpg\" alt=\"\" class=\"wp-image-66\" srcset=\"https:\/\/www.renekontur.com\/wp-content\/uploads\/2024\/07\/IMG350-640x1024.jpg 640w, https:\/\/www.renekontur.com\/wp-content\/uploads\/2024\/07\/IMG350-188x300.jpg 188w, https:\/\/www.renekontur.com\/wp-content\/uploads\/2024\/07\/IMG350-768x1229.jpg 768w, https:\/\/www.renekontur.com\/wp-content\/uploads\/2024\/07\/IMG350-960x1536.jpg 960w, https:\/\/www.renekontur.com\/wp-content\/uploads\/2024\/07\/IMG350-1280x2048.jpg 1280w, https:\/\/www.renekontur.com\/wp-content\/uploads\/2024\/07\/IMG350-38x60.jpg 38w, https:\/\/www.renekontur.com\/wp-content\/uploads\/2024\/07\/IMG350-scaled.jpg 1600w\" sizes=\"auto, (max-width: 640px) 100vw, 640px\" \/><\/figure>\n<\/div>\n\n\n\n<div class=\"wp-block-column is-layout-flow wp-block-column-is-layout-flow\" style=\"flex-basis:45%\">\n<figure class=\"wp-block-image size-large is-resized is-style-default\"><img loading=\"lazy\" decoding=\"async\" width=\"1024\" height=\"576\" src=\"https:\/\/www.renekontur.com\/wp-content\/uploads\/2024\/07\/IMG23-2-1024x576.jpg\" alt=\"\" class=\"wp-image-64\" style=\"width:482px;height:auto\" srcset=\"https:\/\/www.renekontur.com\/wp-content\/uploads\/2024\/07\/IMG23-2-1024x576.jpg 1024w, https:\/\/www.renekontur.com\/wp-content\/uploads\/2024\/07\/IMG23-2-300x169.jpg 300w, https:\/\/www.renekontur.com\/wp-content\/uploads\/2024\/07\/IMG23-2-768x432.jpg 768w, https:\/\/www.renekontur.com\/wp-content\/uploads\/2024\/07\/IMG23-2-1536x864.jpg 1536w, https:\/\/www.renekontur.com\/wp-content\/uploads\/2024\/07\/IMG23-2-2048x1152.jpg 2048w, https:\/\/www.renekontur.com\/wp-content\/uploads\/2024\/07\/IMG23-2-107x60.jpg 107w\" sizes=\"auto, (max-width: 1024px) 100vw, 1024px\" \/><\/figure>\n\n\n\n<div style=\"height:285px\" aria-hidden=\"true\" class=\"wp-block-spacer\"><\/div>\n\n\n\n<figure class=\"wp-block-image size-large\"><img loading=\"lazy\" decoding=\"async\" width=\"576\" height=\"1024\" src=\"https:\/\/www.renekontur.com\/wp-content\/uploads\/2024\/07\/IMG16-1-576x1024.jpg\" alt=\"\" class=\"wp-image-67\" srcset=\"https:\/\/www.renekontur.com\/wp-content\/uploads\/2024\/07\/IMG16-1-576x1024.jpg 576w, https:\/\/www.renekontur.com\/wp-content\/uploads\/2024\/07\/IMG16-1-169x300.jpg 169w, https:\/\/www.renekontur.com\/wp-content\/uploads\/2024\/07\/IMG16-1-768x1365.jpg 768w, https:\/\/www.renekontur.com\/wp-content\/uploads\/2024\/07\/IMG16-1-864x1536.jpg 864w, https:\/\/www.renekontur.com\/wp-content\/uploads\/2024\/07\/IMG16-1-1152x2048.jpg 1152w, https:\/\/www.renekontur.com\/wp-content\/uploads\/2024\/07\/IMG16-1-34x60.jpg 34w, https:\/\/www.renekontur.com\/wp-content\/uploads\/2024\/07\/IMG16-1-scaled.jpg 1440w\" sizes=\"auto, (max-width: 576px) 100vw, 576px\" \/><\/figure>\n<\/div>\n<\/div>\n\n\n\n<div class=\"wp-block-buttons is-layout-flex wp-block-buttons-is-layout-flex\">\n<div class=\"wp-block-button\"><a class=\"wp-block-button__link wp-element-button\" href=\"https:\/\/www.renekontur.com\/?page_id=53\">Contact to buy some&#8230;<\/a><\/div>\n<\/div>\n\n\n\n<p><\/p>\n","protected":false},"excerpt":{"rendered":"<p>Personal photos from travelling- available for purchase<\/p>\n","protected":false},"author":1,"featured_media":0,"parent":0,"menu_order":0,"comment_status":"closed","ping_status":"closed","template":"","meta":{"footnotes":""},"class_list":["post-10","page","type-page","status-publish","hentry","entry"],"yoast_head":"<!-- This site is optimized with the Yoast SEO plugin v23.1 - https:\/\/yoast.com\/wordpress\/plugins\/seo\/ -->\n<title>FOTO Portf\u00f3lio - Mgr. Art. Ren\u00e9 Kont\u00far<\/title>\n<meta name=\"robots\" content=\"index, follow, max-snippet:-1, max-image-preview:large, max-video-preview:-1\" \/>\n<link rel=\"canonical\" href=\"https:\/\/www.renekontur.com\/?page_id=10\" \/>\n<meta property=\"og:locale\" content=\"sk_SK\" \/>\n<meta property=\"og:type\" content=\"article\" \/>\n<meta property=\"og:title\" content=\"FOTO Portf\u00f3lio - Mgr. Art. Ren\u00e9 Kont\u00far\" \/>\n<meta property=\"og:description\" content=\"Personal photos from travelling- available for purchase\" \/>\n<meta property=\"og:url\" content=\"https:\/\/www.renekontur.com\/?page_id=10\" \/>\n<meta property=\"og:site_name\" content=\"Mgr. Art. Ren\u00e9 Kont\u00far\" \/>\n<meta property=\"article:modified_time\" content=\"2024-07-17T17:55:15+00:00\" \/>\n<meta property=\"og:image\" content=\"https:\/\/www.renekontur.com\/wp-content\/uploads\/2024\/07\/IMG2-576x1024.jpg\" \/>\n<meta name=\"twitter:card\" content=\"summary_large_image\" \/>\n<meta name=\"twitter:label1\" content=\"Predpokladan\u00fd \u010das \u010d\u00edtania\" \/>\n\t<meta name=\"twitter:data1\" content=\"3 min\u00faty\" \/>\n<script type=\"application\/ld+json\" class=\"yoast-schema-graph\">{\"@context\":\"https:\/\/schema.org\",\"@graph\":[{\"@type\":\"WebPage\",\"@id\":\"https:\/\/www.renekontur.com\/?page_id=10\",\"url\":\"https:\/\/www.renekontur.com\/?page_id=10\",\"name\":\"FOTO Portf\u00f3lio - Mgr. Art. Ren\u00e9 Kont\u00far\",\"isPartOf\":{\"@id\":\"https:\/\/www.renekontur.com\/#website\"},\"primaryImageOfPage\":{\"@id\":\"https:\/\/www.renekontur.com\/?page_id=10#primaryimage\"},\"image\":{\"@id\":\"https:\/\/www.renekontur.com\/?page_id=10#primaryimage\"},\"thumbnailUrl\":\"https:\/\/www.renekontur.com\/wp-content\/uploads\/2024\/07\/IMG2-576x1024.jpg\",\"datePublished\":\"2024-07-17T13:56:32+00:00\",\"dateModified\":\"2024-07-17T17:55:15+00:00\",\"breadcrumb\":{\"@id\":\"https:\/\/www.renekontur.com\/?page_id=10#breadcrumb\"},\"inLanguage\":\"sk-SK\",\"potentialAction\":[{\"@type\":\"ReadAction\",\"target\":[\"https:\/\/www.renekontur.com\/?page_id=10\"]}]},{\"@type\":\"ImageObject\",\"inLanguage\":\"sk-SK\",\"@id\":\"https:\/\/www.renekontur.com\/?page_id=10#primaryimage\",\"url\":\"https:\/\/www.renekontur.com\/wp-content\/uploads\/2024\/07\/IMG2-scaled.jpg\",\"contentUrl\":\"https:\/\/www.renekontur.com\/wp-content\/uploads\/2024\/07\/IMG2-scaled.jpg\",\"width\":1440,\"height\":2560},{\"@type\":\"BreadcrumbList\",\"@id\":\"https:\/\/www.renekontur.com\/?page_id=10#breadcrumb\",\"itemListElement\":[{\"@type\":\"ListItem\",\"position\":1,\"name\":\"Domovsk\u00e1 str\u00e1nka\",\"item\":\"https:\/\/www.renekontur.com\/\"},{\"@type\":\"ListItem\",\"position\":2,\"name\":\"FOTO Portf\u00f3lio\"}]},{\"@type\":\"WebSite\",\"@id\":\"https:\/\/www.renekontur.com\/#website\",\"url\":\"https:\/\/www.renekontur.com\/\",\"name\":\"Mgr. Art. Ren\u00e9 Kont\u00far\",\"description\":\"\",\"publisher\":{\"@id\":\"https:\/\/www.renekontur.com\/#\/schema\/person\/7c28864972f73f6b370ecb5ecb6e237f\"},\"alternateName\":\"Ren\u00e9 Kont\u00far - photographer and cameraman\",\"potentialAction\":[{\"@type\":\"SearchAction\",\"target\":{\"@type\":\"EntryPoint\",\"urlTemplate\":\"https:\/\/www.renekontur.com\/?s={search_term_string}\"},\"query-input\":\"required name=search_term_string\"}],\"inLanguage\":\"sk-SK\"},{\"@type\":[\"Person\",\"Organization\"],\"@id\":\"https:\/\/www.renekontur.com\/#\/schema\/person\/7c28864972f73f6b370ecb5ecb6e237f\",\"name\":\"renekontur1998\",\"image\":{\"@type\":\"ImageObject\",\"inLanguage\":\"sk-SK\",\"@id\":\"https:\/\/www.renekontur.com\/#\/schema\/person\/image\/\",\"url\":\"https:\/\/www.renekontur.com\/wp-content\/uploads\/2024\/07\/cropped-podpis-e1721209206649-1.png\",\"contentUrl\":\"https:\/\/www.renekontur.com\/wp-content\/uploads\/2024\/07\/cropped-podpis-e1721209206649-1.png\",\"width\":733,\"height\":245,\"caption\":\"renekontur1998\"},\"logo\":{\"@id\":\"https:\/\/www.renekontur.com\/#\/schema\/person\/image\/\"},\"sameAs\":[\"https:\/\/www.renekontur.com\"]}]}<\/script>\n<!-- \/ Yoast SEO plugin. -->","yoast_head_json":{"title":"FOTO Portf\u00f3lio - Mgr. Art. Ren\u00e9 Kont\u00far","robots":{"index":"index","follow":"follow","max-snippet":"max-snippet:-1","max-image-preview":"max-image-preview:large","max-video-preview":"max-video-preview:-1"},"canonical":"https:\/\/www.renekontur.com\/?page_id=10","og_locale":"sk_SK","og_type":"article","og_title":"FOTO Portf\u00f3lio - Mgr. Art. Ren\u00e9 Kont\u00far","og_description":"Personal photos from travelling- available for purchase","og_url":"https:\/\/www.renekontur.com\/?page_id=10","og_site_name":"Mgr. Art. Ren\u00e9 Kont\u00far","article_modified_time":"2024-07-17T17:55:15+00:00","og_image":[{"url":"https:\/\/www.renekontur.com\/wp-content\/uploads\/2024\/07\/IMG2-576x1024.jpg"}],"twitter_card":"summary_large_image","twitter_misc":{"Predpokladan\u00fd \u010das \u010d\u00edtania":"3 min\u00faty"},"schema":{"@context":"https:\/\/schema.org","@graph":[{"@type":"WebPage","@id":"https:\/\/www.renekontur.com\/?page_id=10","url":"https:\/\/www.renekontur.com\/?page_id=10","name":"FOTO Portf\u00f3lio - Mgr. Art. Ren\u00e9 Kont\u00far","isPartOf":{"@id":"https:\/\/www.renekontur.com\/#website"},"primaryImageOfPage":{"@id":"https:\/\/www.renekontur.com\/?page_id=10#primaryimage"},"image":{"@id":"https:\/\/www.renekontur.com\/?page_id=10#primaryimage"},"thumbnailUrl":"https:\/\/www.renekontur.com\/wp-content\/uploads\/2024\/07\/IMG2-576x1024.jpg","datePublished":"2024-07-17T13:56:32+00:00","dateModified":"2024-07-17T17:55:15+00:00","breadcrumb":{"@id":"https:\/\/www.renekontur.com\/?page_id=10#breadcrumb"},"inLanguage":"sk-SK","potentialAction":[{"@type":"ReadAction","target":["https:\/\/www.renekontur.com\/?page_id=10"]}]},{"@type":"ImageObject","inLanguage":"sk-SK","@id":"https:\/\/www.renekontur.com\/?page_id=10#primaryimage","url":"https:\/\/www.renekontur.com\/wp-content\/uploads\/2024\/07\/IMG2-scaled.jpg","contentUrl":"https:\/\/www.renekontur.com\/wp-content\/uploads\/2024\/07\/IMG2-scaled.jpg","width":1440,"height":2560},{"@type":"BreadcrumbList","@id":"https:\/\/www.renekontur.com\/?page_id=10#breadcrumb","itemListElement":[{"@type":"ListItem","position":1,"name":"Domovsk\u00e1 str\u00e1nka","item":"https:\/\/www.renekontur.com\/"},{"@type":"ListItem","position":2,"name":"FOTO Portf\u00f3lio"}]},{"@type":"WebSite","@id":"https:\/\/www.renekontur.com\/#website","url":"https:\/\/www.renekontur.com\/","name":"Mgr. Art. Ren\u00e9 Kont\u00far","description":"","publisher":{"@id":"https:\/\/www.renekontur.com\/#\/schema\/person\/7c28864972f73f6b370ecb5ecb6e237f"},"alternateName":"Ren\u00e9 Kont\u00far - photographer and cameraman","potentialAction":[{"@type":"SearchAction","target":{"@type":"EntryPoint","urlTemplate":"https:\/\/www.renekontur.com\/?s={search_term_string}"},"query-input":"required name=search_term_string"}],"inLanguage":"sk-SK"},{"@type":["Person","Organization"],"@id":"https:\/\/www.renekontur.com\/#\/schema\/person\/7c28864972f73f6b370ecb5ecb6e237f","name":"renekontur1998","image":{"@type":"ImageObject","inLanguage":"sk-SK","@id":"https:\/\/www.renekontur.com\/#\/schema\/person\/image\/","url":"https:\/\/www.renekontur.com\/wp-content\/uploads\/2024\/07\/cropped-podpis-e1721209206649-1.png","contentUrl":"https:\/\/www.renekontur.com\/wp-content\/uploads\/2024\/07\/cropped-podpis-e1721209206649-1.png","width":733,"height":245,"caption":"renekontur1998"},"logo":{"@id":"https:\/\/www.renekontur.com\/#\/schema\/person\/image\/"},"sameAs":["https:\/\/www.renekontur.com"]}]}},"_links":{"self":[{"href":"https:\/\/www.renekontur.com\/index.php?rest_route=\/wp\/v2\/pages\/10","targetHints":{"allow":["GET"]}}],"collection":[{"href":"https:\/\/www.renekontur.com\/index.php?rest_route=\/wp\/v2\/pages"}],"about":[{"href":"https:\/\/www.renekontur.com\/index.php?rest_route=\/wp\/v2\/types\/page"}],"author":[{"embeddable":true,"href":"https:\/\/www.renekontur.com\/index.php?rest_route=\/wp\/v2\/users\/1"}],"replies":[{"embeddable":true,"href":"https:\/\/www.renekontur.com\/index.php?rest_route=%2Fwp%2Fv2%2Fcomments&post=10"}],"version-history":[{"count":5,"href":"https:\/\/www.renekontur.com\/index.php?rest_route=\/wp\/v2\/pages\/10\/revisions"}],"predecessor-version":[{"id":167,"href":"https:\/\/www.renekontur.com\/index.php?rest_route=\/wp\/v2\/pages\/10\/revisions\/167"}],"wp:attachment":[{"href":"https:\/\/www.renekontur.com\/index.php?rest_route=%2Fwp%2Fv2%2Fmedia&parent=10"}],"curies":[{"name":"wp","href":"https:\/\/api.w.org\/{rel}","templated":true}]}}